{"id":569,"date":"2023-11-02T16:04:34","date_gmt":"2023-11-02T14:04:34","guid":{"rendered":"https:\/\/sunlines.fi\/?page_id=569"},"modified":"2025-06-18T12:37:29","modified_gmt":"2025-06-18T09:37:29","slug":"boknings-och-transportvillkor","status":"publish","type":"page","link":"https:\/\/sunlines.fi\/sv\/varaus-ja-kuljetusehdot\/","title":{"rendered":"Boknings- och transportvillkor"},"content":{"rendered":"<div data-elementor-type=\"wp-page\" data-elementor-id=\"569\" class=\"elementor elementor-569\" data-elementor-post-type=\"page\">\n\t\t\t\t<div class=\"elementor-element elementor-element-0c2bc33 e-con-full e-flex e-con e-parent\" data-id=\"0c2bc33\" data-element_type=\"container\" data-e-type=\"container\" data-settings=\"{&quot;background_background&quot;:&quot;classic&quot;}\">\n\t\t<div class=\"elementor-element elementor-element-89d17de e-con-full e-flex e-con e-child\" data-id=\"89d17de\" data-element_type=\"container\" data-e-type=\"container\">\n\t\t\t\t<div class=\"elementor-element elementor-element-4d4a982 elementor-widget elementor-widget-heading\" data-id=\"4d4a982\" data-element_type=\"widget\" data-e-type=\"widget\" data-widget_type=\"heading.default\">\n\t\t\t\t<div class=\"elementor-widget-container\">\n\t\t\t\t\t<h1 class=\"elementor-heading-title elementor-size-default\">Boknings- och transportvillkor<\/h1>\t\t\t\t<\/div>\n\t\t\t\t<\/div>\n\t\t\t\t<\/div>\n\t\t\t\t<\/div>\n\t\t<div class=\"elementor-element elementor-element-75e31c5 e-con-full e-flex e-con e-parent\" data-id=\"75e31c5\" data-element_type=\"container\" data-e-type=\"container\" data-settings=\"{&quot;background_background&quot;:&quot;classic&quot;}\">\n\t\t<div class=\"elementor-element elementor-element-60c973e e-con-full e-flex e-con e-child\" data-id=\"60c973e\" data-element_type=\"container\" data-e-type=\"container\" data-settings=\"{&quot;background_background&quot;:&quot;classic&quot;}\">\n\t\t\t\t<div class=\"elementor-element elementor-element-3b039a1 elementor-widget-mobile__width-initial elementor-widget elementor-widget-text-editor\" data-id=\"3b039a1\" data-element_type=\"widget\" data-e-type=\"widget\" data-widget_type=\"text-editor.default\">\n\t\t\t\t<div class=\"elementor-widget-container\">\n\t\t\t\t\t\t\t\t\t<p class=\"p1\">Sun Ferry Oy \u00e4r inte skyldig att ers\u00e4tta kunden f\u00f6r eventuella ol\u00e4genheter eller utgifter p\u00e5 grund av naturliga f\u00f6rh\u00e5llanden, s\u00e5som ov\u00e4ntade v\u00e4derf\u00f6r\u00e4ndringar. Sun Ferry Oy har r\u00e4tt att avboka bokningen om det f\u00f6religger force majeure. I detta fall har kunden r\u00e4tt att f\u00e5 tillbaka pengarna i sin helhet. Sun Ferry Oy kan ocks\u00e5 avboka bokningen om betalningarna relaterade till bokningen inte betalas i tid.<\/p>\t\t\t\t\t\t\t\t<\/div>\n\t\t\t\t<\/div>\n\t\t\t\t<div class=\"elementor-element elementor-element-d865ad4 elementor-widget elementor-widget-heading\" data-id=\"d865ad4\" data-element_type=\"widget\" data-e-type=\"widget\" data-widget_type=\"heading.default\">\n\t\t\t\t<div class=\"elementor-widget-container\">\n\t\t\t\t\t<h4 class=\"elementor-heading-title elementor-size-default\">Charterkryssning bokning och transportvillkor<\/h4>\t\t\t\t<\/div>\n\t\t\t\t<\/div>\n\t\t\t\t<div class=\"elementor-element elementor-element-6599354 elementor-widget elementor-widget-n-accordion\" data-id=\"6599354\" data-element_type=\"widget\" data-e-type=\"widget\" data-settings=\"{&quot;default_state&quot;:&quot;expanded&quot;,&quot;max_items_expended&quot;:&quot;one&quot;,&quot;n_accordion_animation_duration&quot;:{&quot;unit&quot;:&quot;ms&quot;,&quot;size&quot;:400,&quot;sizes&quot;:[]}}\" data-widget_type=\"nested-accordion.default\">\n\t\t\t\t<div class=\"elementor-widget-container\">\n\t\t\t\t\t\t\t<div class=\"e-n-accordion\" aria-label=\"Dragspel. \u00d6ppna l\u00e4nkar med Enter eller Space, st\u00e4ng med Escape och navigera med piltangenterna\">\n\t\t\t\t\t\t<details id=\"e-n-accordion-item-1060\" class=\"e-n-accordion-item\" open>\n\t\t\t\t<summary class=\"e-n-accordion-item-title\" data-accordion-index=\"1\" tabindex=\"0\" aria-expanded=\"true\" aria-controls=\"e-n-accordion-item-1060\" >\n\t\t\t\t\t<span class='e-n-accordion-item-title-header'><div class=\"e-n-accordion-item-title-text\"> 1. Sun Ferry Oy:s boknings- och avbokningsvillkor <\/div><\/span>\n\t\t\t\t\t\t\t<span class='e-n-accordion-item-title-icon'>\n\t\t\t<span class='e-opened' ><svg aria-hidden=\"true\" class=\"e-font-icon-svg e-fas-minus\" viewbox=\"0 0 448 512\" xmlns=\"http:\/\/www.w3.org\/2000\/svg\"><path d=\"M416 208H32c-17.67 0-32 14.33-32 32v32c0 17.67 14.33 32 32 32h384c17.67 0 32-14.33 32-32v-32c0-17.67-14.33-32-32-32z\"><\/path><\/svg><\/span>\n\t\t\t<span class='e-closed'><svg aria-hidden=\"true\" class=\"e-font-icon-svg e-fas-plus\" viewbox=\"0 0 448 512\" xmlns=\"http:\/\/www.w3.org\/2000\/svg\"><path d=\"M416 208H272V64c0-17.67-14.33-32-32-32h-32c-17.67 0-32 14.33-32 32v144H32c-17.67 0-32 14.33-32 32v32c0 17.67 14.33 32 32 32h144v144c0 17.67 14.33 32 32 32h32c17.67 0 32-14.33 32-32V304h144c17.67 0 32-14.33 32-32v-32c0-17.67-14.33-32-32-32z\"><\/path><\/svg><\/span>\n\t\t<\/span>\n\n\t\t\t\t\t\t<\/summary>\n\t\t\t\t<div role=\"region\" aria-labelledby=\"e-n-accordion-item-1060\" class=\"elementor-element elementor-element-949c270 e-con-full e-flex e-con e-child\" data-id=\"949c270\" data-element_type=\"container\" data-e-type=\"container\">\n\t\t<div role=\"region\" aria-labelledby=\"e-n-accordion-item-1060\" class=\"elementor-element elementor-element-ca16519 e-flex e-con-boxed e-con e-child\" data-id=\"ca16519\" data-element_type=\"container\" data-e-type=\"container\">\n\t\t\t\t\t<div class=\"e-con-inner\">\n\t\t\t\t<div class=\"elementor-element elementor-element-08c87ea elementor-widget elementor-widget-text-editor\" data-id=\"08c87ea\" data-element_type=\"widget\" data-e-type=\"widget\" data-widget_type=\"text-editor.default\">\n\t\t\t\t<div class=\"elementor-widget-container\">\n\t\t\t\t\t\t\t\t\t<p class=\"p1\">Sun Ferry Oy kommer att f\u00f6lja f\u00f6ljande villkor vid bokning av fartyg och avbokning av bokningar. Dessa villkor blir bindande f\u00f6r b\u00e5da parter n\u00e4r kunden skriftligen bekr\u00e4ftar bokningen senast p\u00e5 f\u00f6rfallodagen. Best\u00e4llaren ska avboka en bokning som han\/hon inte avser att utnyttja.<\/p>\t\t\t\t\t\t\t\t<\/div>\n\t\t\t\t<\/div>\n\t\t\t\t\t<\/div>\n\t\t\t\t<\/div>\n\t\t\t\t<\/div>\n\t\t\t\t\t<\/details>\n\t\t\t\t\t\t<details id=\"e-n-accordion-item-1061\" class=\"e-n-accordion-item\" >\n\t\t\t\t<summary class=\"e-n-accordion-item-title\" data-accordion-index=\"2\" tabindex=\"-1\" aria-expanded=\"false\" aria-controls=\"e-n-accordion-item-1061\" >\n\t\t\t\t\t<span class='e-n-accordion-item-title-header'><div class=\"e-n-accordion-item-title-text\"> 2. Bokning och betalning <\/div><\/span>\n\t\t\t\t\t\t\t<span class='e-n-accordion-item-title-icon'>\n\t\t\t<span class='e-opened' ><svg aria-hidden=\"true\" class=\"e-font-icon-svg e-fas-minus\" viewbox=\"0 0 448 512\" xmlns=\"http:\/\/www.w3.org\/2000\/svg\"><path d=\"M416 208H32c-17.67 0-32 14.33-32 32v32c0 17.67 14.33 32 32 32h384c17.67 0 32-14.33 32-32v-32c0-17.67-14.33-32-32-32z\"><\/path><\/svg><\/span>\n\t\t\t<span class='e-closed'><svg aria-hidden=\"true\" class=\"e-font-icon-svg e-fas-plus\" viewbox=\"0 0 448 512\" xmlns=\"http:\/\/www.w3.org\/2000\/svg\"><path d=\"M416 208H272V64c0-17.67-14.33-32-32-32h-32c-17.67 0-32 14.33-32 32v144H32c-17.67 0-32 14.33-32 32v32c0 17.67 14.33 32 32 32h144v144c0 17.67 14.33 32 32 32h32c17.67 0 32-14.33 32-32V304h144c17.67 0 32-14.33 32-32v-32c0-17.67-14.33-32-32-32z\"><\/path><\/svg><\/span>\n\t\t<\/span>\n\n\t\t\t\t\t\t<\/summary>\n\t\t\t\t<div role=\"region\" aria-labelledby=\"e-n-accordion-item-1061\" class=\"elementor-element elementor-element-8b83ccf e-con-full e-flex e-con e-child\" data-id=\"8b83ccf\" data-element_type=\"container\" data-e-type=\"container\">\n\t\t<div role=\"region\" aria-labelledby=\"e-n-accordion-item-1061\" class=\"elementor-element elementor-element-5e14703 e-flex e-con-boxed e-con e-child\" data-id=\"5e14703\" data-element_type=\"container\" data-e-type=\"container\">\n\t\t\t\t\t<div class=\"e-con-inner\">\n\t\t\t\t<div class=\"elementor-element elementor-element-9e3609c elementor-widget elementor-widget-text-editor\" data-id=\"9e3609c\" data-element_type=\"widget\" data-e-type=\"widget\" data-widget_type=\"text-editor.default\">\n\t\t\t\t<div class=\"elementor-widget-container\">\n\t\t\t\t\t\t\t\t\t<p class=\"p1\"><strong>1. Grundhyra<\/strong><\/p><p class=\"p1\"><strong>F\u00f6retagskunder och kunder inom den offentliga sektorn<\/strong><span class=\"s2\"> vi fakturerar dig efter evenemanget. <\/span>Du kan ocks\u00e5 betala i f\u00f6rskott med faktura eller kort i baren ombord.<\/p><p class=\"p2\"><strong><span class=\"s3\">Fr\u00e5n privat- och f\u00f6reningskunder<\/span><\/strong> vi debiterar priset p\u00e5 hyresavgiften som en bokningsavgift. Charteravgiften m\u00e5ste betalas 14 dagar f\u00f6re kryssningen. Efter s\u00e4rskild \u00f6verenskommelse accepterar vi \u00e4ven kontant- och kortbetalning ombord eller fakturering i efterhand. Vi f\u00f6rbeh\u00e5ller oss r\u00e4tten att kontrollera dina kredituppgifter vid betalning i efterskott. Fartyget kommer inte att avg\u00e5 f\u00f6rr\u00e4n betalningen av charteravgiften har mottagits eller fakturan har godk\u00e4nts. Sun Ferry Ltd f\u00f6rbeh\u00e5ller sig r\u00e4tten att s\u00e4ga upp avtalet om den avtalade bokningsavgiften inte betalas p\u00e5 f\u00f6rfallodagen. Bokningsavgiften kommer att beaktas i slutfakturan.<\/p><p class=\"p1\"><strong>2. Utbud av mat och dryck<\/strong><\/p><p class=\"p2\">Catering ombord best\u00e4lls och specificeras alltid i f\u00f6rv\u00e4g, minst 14 dagar f\u00f6re avg\u00e5ng. Det antal personer som kunden anger 7 dagar f\u00f6re kryssningen ligger till grund f\u00f6r faktureringen av cateringen. Drycker debiteras enligt faktisk konsumtion, viner enligt \u00f6ppnade flaskor.<\/p><p class=\"p2\"><strong><span class=\"s3\">F\u00f6retagskunder och kunder inom den offentliga sektorn<\/span><\/strong> catering debiteras efter evenemanget eller med kort till fartygets bar. <strong><span class=\"s3\">Privat- och f\u00f6reningskunder<\/span><\/strong> mat- och dryckestj\u00e4nster kan faktureras i f\u00f6rskott n\u00e4r antalet personer och antalet portioner som ska faktureras \u00e4r k\u00e4nt. Vi f\u00f6rbeh\u00e5ller oss r\u00e4tten att kontrollera kreditupplysningar vid fakturering i efterhand. Service kan ocks\u00e5 betalas i fartygets bar.<\/p><p class=\"p1\"><strong>3. Betalningsinstrument, betalningsvillkor och priss\u00e4ttning<\/strong><\/p><p class=\"p2\">F\u00f6rutom kontanter \u00e4r de vanligaste betal- och kreditkorten som accepteras ombord Visa, Eurocard, Mastercard, Visa Electron och Amex.<\/p><p class=\"p2\">Betalning mot faktura enligt avtalsvillkor. Generell betalningsvillkor 14dagar\/net. Om det \u00e4r mindre \u00e4n 14 dagar till kryssningens b\u00f6rjan kan betalningsvillkoret vara kortare.<\/p><p class=\"p2\">Fakturatill\u00e4gg 7 euro. Dr\u00f6jsm\u00e5lsr\u00e4nta enligt r\u00e4ntelagen.<\/p><p class=\"p2\">***<\/p><p class=\"p2\">Vi f\u00f6rbeh\u00e5ller oss r\u00e4tten till pris\u00e4ndringar.<\/p>\t\t\t\t\t\t\t\t<\/div>\n\t\t\t\t<\/div>\n\t\t\t\t\t<\/div>\n\t\t\t\t<\/div>\n\t\t\t\t<\/div>\n\t\t\t\t\t<\/details>\n\t\t\t\t\t\t<details id=\"e-n-accordion-item-1062\" class=\"e-n-accordion-item\" >\n\t\t\t\t<summary class=\"e-n-accordion-item-title\" data-accordion-index=\"3\" tabindex=\"-1\" aria-expanded=\"false\" aria-controls=\"e-n-accordion-item-1062\" >\n\t\t\t\t\t<span class='e-n-accordion-item-title-header'><div class=\"e-n-accordion-item-title-text\"> 3. Avbokningar <\/div><\/span>\n\t\t\t\t\t\t\t<span class='e-n-accordion-item-title-icon'>\n\t\t\t<span class='e-opened' ><svg aria-hidden=\"true\" class=\"e-font-icon-svg e-fas-minus\" viewbox=\"0 0 448 512\" xmlns=\"http:\/\/www.w3.org\/2000\/svg\"><path d=\"M416 208H32c-17.67 0-32 14.33-32 32v32c0 17.67 14.33 32 32 32h384c17.67 0 32-14.33 32-32v-32c0-17.67-14.33-32-32-32z\"><\/path><\/svg><\/span>\n\t\t\t<span class='e-closed'><svg aria-hidden=\"true\" class=\"e-font-icon-svg e-fas-plus\" viewbox=\"0 0 448 512\" xmlns=\"http:\/\/www.w3.org\/2000\/svg\"><path d=\"M416 208H272V64c0-17.67-14.33-32-32-32h-32c-17.67 0-32 14.33-32 32v144H32c-17.67 0-32 14.33-32 32v32c0 17.67 14.33 32 32 32h144v144c0 17.67 14.33 32 32 32h32c17.67 0 32-14.33 32-32V304h144c17.67 0 32-14.33 32-32v-32c0-17.67-14.33-32-32-32z\"><\/path><\/svg><\/span>\n\t\t<\/span>\n\n\t\t\t\t\t\t<\/summary>\n\t\t\t\t<div role=\"region\" aria-labelledby=\"e-n-accordion-item-1062\" class=\"elementor-element elementor-element-8ea34f2 e-con-full e-flex e-con e-child\" data-id=\"8ea34f2\" data-element_type=\"container\" data-e-type=\"container\">\n\t\t<div role=\"region\" aria-labelledby=\"e-n-accordion-item-1062\" class=\"elementor-element elementor-element-89a8503 e-flex e-con-boxed e-con e-child\" data-id=\"89a8503\" data-element_type=\"container\" data-e-type=\"container\">\n\t\t\t\t\t<div class=\"e-con-inner\">\n\t\t\t\t<div class=\"elementor-element elementor-element-71ac4a6 elementor-widget elementor-widget-text-editor\" data-id=\"71ac4a6\" data-element_type=\"widget\" data-e-type=\"widget\" data-widget_type=\"text-editor.default\">\n\t\t\t\t<div class=\"elementor-widget-container\">\n\t\t\t\t\t\t\t\t\t<p class=\"p1\">Avbokningsdatumet \u00e4r den dag d\u00e5 Sun Ferry Oy har f\u00e5tt information om avbokningen. Om kunden visar att avbest\u00e4llningen har skickats i tillr\u00e4ckligt god tid f\u00f6r att komma fram till avsedd tid, accepteras avbest\u00e4llningen, \u00e4ven om den \u00e4r f\u00f6rsenad eller inte kommer alls.<\/p><p class=\"p1\">Om kunden avbest\u00e4ller <span class=\"s2\">den bekr\u00e4ftade bokningen av fartyget<\/span>, kommer priset f\u00f6r charteravgiften att debiteras enligt f\u00f6ljande:<\/p><p class=\"p1\">\u00a0 - Avbokning 0-60 dagar f\u00f6re kryssning, avgift 100 %<\/p><p class=\"p1\">Om kunden avbest\u00e4ller <span class=\"s2\">abonnerade cateringtj\u00e4nster<\/span>, debiteras de enligt den kvantitet och det pris som anges i orderbekr\u00e4ftelsen enligt f\u00f6ljande:<\/p><p class=\"p1\">\u00a0 - Avbokning 0-7 dagar f\u00f6re kryssning, avgift 100 %<\/p><p class=\"p1\">\u00a0 - Avbokning 8-14 dagar f\u00f6re kryssning, avgift 50 %<\/p>\t\t\t\t\t\t\t\t<\/div>\n\t\t\t\t<\/div>\n\t\t\t\t\t<\/div>\n\t\t\t\t<\/div>\n\t\t\t\t<\/div>\n\t\t\t\t\t<\/details>\n\t\t\t\t\t\t<details id=\"e-n-accordion-item-1063\" class=\"e-n-accordion-item\" >\n\t\t\t\t<summary class=\"e-n-accordion-item-title\" data-accordion-index=\"4\" tabindex=\"-1\" aria-expanded=\"false\" aria-controls=\"e-n-accordion-item-1063\" >\n\t\t\t\t\t<span class='e-n-accordion-item-title-header'><div class=\"e-n-accordion-item-title-text\"> 4. Transportvillkor <\/div><\/span>\n\t\t\t\t\t\t\t<span class='e-n-accordion-item-title-icon'>\n\t\t\t<span class='e-opened' ><svg aria-hidden=\"true\" class=\"e-font-icon-svg e-fas-minus\" viewbox=\"0 0 448 512\" xmlns=\"http:\/\/www.w3.org\/2000\/svg\"><path d=\"M416 208H32c-17.67 0-32 14.33-32 32v32c0 17.67 14.33 32 32 32h384c17.67 0 32-14.33 32-32v-32c0-17.67-14.33-32-32-32z\"><\/path><\/svg><\/span>\n\t\t\t<span class='e-closed'><svg aria-hidden=\"true\" class=\"e-font-icon-svg e-fas-plus\" viewbox=\"0 0 448 512\" xmlns=\"http:\/\/www.w3.org\/2000\/svg\"><path d=\"M416 208H272V64c0-17.67-14.33-32-32-32h-32c-17.67 0-32 14.33-32 32v144H32c-17.67 0-32 14.33-32 32v32c0 17.67 14.33 32 32 32h144v144c0 17.67 14.33 32 32 32h32c17.67 0 32-14.33 32-32V304h144c17.67 0 32-14.33 32-32v-32c0-17.67-14.33-32-32-32z\"><\/path><\/svg><\/span>\n\t\t<\/span>\n\n\t\t\t\t\t\t<\/summary>\n\t\t\t\t<div role=\"region\" aria-labelledby=\"e-n-accordion-item-1063\" class=\"elementor-element elementor-element-159bc98 e-flex e-con-boxed e-con e-child\" data-id=\"159bc98\" data-element_type=\"container\" data-e-type=\"container\">\n\t\t\t\t\t<div class=\"e-con-inner\">\n\t\t<div role=\"region\" aria-labelledby=\"e-n-accordion-item-1063\" class=\"elementor-element elementor-element-71d4414 e-flex e-con-boxed e-con e-child\" data-id=\"71d4414\" data-element_type=\"container\" data-e-type=\"container\">\n\t\t\t\t\t<div class=\"e-con-inner\">\n\t\t\t\t<div class=\"elementor-element elementor-element-f66b104 elementor-widget elementor-widget-text-editor\" data-id=\"f66b104\" data-element_type=\"widget\" data-e-type=\"widget\" data-widget_type=\"text-editor.default\">\n\t\t\t\t<div class=\"elementor-widget-container\">\n\t\t\t\t\t\t\t\t\t<p class=\"p1\">Transportvillkor g\u00e4ller f\u00f6r transport av passagerare och gods. Sun Ferry Oy:s ansvar \u00e4r begr\u00e4nsat enligt den finska sj\u00f6lagen.<\/p><ol class=\"ol1\"><li class=\"li2\">Mottagare \u00e4r Sun Ferry Oy. Transportavtalet \u00e4r mellan mottagaren och passageraren.<\/li><li class=\"li2\">Passageraren \u00e4r skyldig att f\u00f6lja fartygets ordnings- och s\u00e4kerhetsf\u00f6reskrifter under transporten.<\/li><li class=\"li2\">Mottagaren ansvarar f\u00f6r personskada som v\u00e5llats passageraren till f\u00f6ljd av ett tillbud som intr\u00e4ffat under resan, om skadan har orsakats av mottagarens eller n\u00e5gon som agerar p\u00e5 dennes ansvar fel eller f\u00f6rsummelse. Detsamma g\u00e4ller f\u00f6rlust av bagage, samt skada orsakad av att en passagerare kommit f\u00f6r sent.<\/li><li class=\"li2\">Passageraren m\u00e5ste bevisa att skadan som orsakats honom eller hans bagage beror p\u00e5 fel eller f\u00f6rsummelse fr\u00e5n transport\u00f6ren eller de som agerar p\u00e5 dennes ansvar.<\/li><li class=\"li2\">Enligt 15 kap. i den finska sj\u00f6lagen \u00e4r befraktarens ansvar begr\u00e4nsat per passagerare och alla skador som uppst\u00e5tt under samma resa l\u00e4ggs samman:<br \/>175 000 SDR f\u00f6r personskador<br \/>4 150 SDR f\u00f6r f\u00f6rseningen i passagerartransport<br \/>1 800 SDR vid f\u00f6rlust, skada eller f\u00f6rsening av bagage<br \/>10 000 SDR per fordon<br \/>2 700 SDR vid f\u00f6rlust, oavsiktlig skada eller f\u00f6rlust av annat bagage.<br \/>Mottagaren kan \u00e4ven \u00e5beropa sj\u00f6lagens 9 kap. till de totala ansvarsgr\u00e4nserna enligt 5 \u00a7. Sj\u00e4lvrisker f\u00f6r passagerare:<br \/>20 SDR f\u00f6r bagage- och f\u00f6rdr\u00f6jningsskador<br \/>150 SDR i fordonsskada<br \/>Den s\u00e4rskilda dragningsr\u00e4tten SDR avser den enhet som definieras av Kanvainen Valutarahastos, vars v\u00e4xelkurs den 4 oktober 2013 var 1 SDR = 1,1321 \u20ac.<\/li><li class=\"li2\">Mottagaren svarar inte:<br \/>f\u00f6r personskada eller skada p\u00e5 handbagage och f\u00f6r en f\u00f6rsening som har intr\u00e4ffat innan passageraren har stigit ombord eller handbagaget f\u00f6rts ombord eller efter det att passageraren l\u00e4mnat fartyget eller handbagaget avl\u00e4gsnats fr\u00e5n fartyget.<br \/>pengar, v\u00e4rdepapper och inte konst eller v\u00e4rdesaker.<\/li><li class=\"li2\">\u00c4ven fartygets bef\u00e4l och bes\u00e4ttning samt andra f\u00f6r vilka mottagaren ansvarar har r\u00e4tt till ovan n\u00e4mnda ansvarsbegr\u00e4nsningar och ansvarsfrihet.<\/li><li class=\"li2\">Talan i fr\u00e5gor som regleras av dessa villkor ska anh\u00e4ngigg\u00f6ras vid sj\u00f6r\u00e4tten i det hovr\u00e4ttsdistrikt d\u00e4r Mottagaren har sin hemvist eller d\u00e4r den huvudsakligen bedriver sin verksamhet.<\/li><li class=\"li2\">I \u00f6vrigt g\u00e4ller best\u00e4mmelserna i den finska sj\u00f6lagen.<\/li><\/ol>\t\t\t\t\t\t\t\t<\/div>\n\t\t\t\t<\/div>\n\t\t\t\t\t<\/div>\n\t\t\t\t<\/div>\n\t\t\t\t\t<\/div>\n\t\t\t\t<\/div>\n\t\t\t\t\t<\/details>\n\t\t\t\t\t\t<details id=\"e-n-accordion-item-1064\" class=\"e-n-accordion-item\" >\n\t\t\t\t<summary class=\"e-n-accordion-item-title\" data-accordion-index=\"5\" tabindex=\"-1\" aria-expanded=\"false\" aria-controls=\"e-n-accordion-item-1064\" >\n\t\t\t\t\t<span class='e-n-accordion-item-title-header'><div class=\"e-n-accordion-item-title-text\"> 5. Klagom\u00e5l <\/div><\/span>\n\t\t\t\t\t\t\t<span class='e-n-accordion-item-title-icon'>\n\t\t\t<span class='e-opened' ><svg aria-hidden=\"true\" class=\"e-font-icon-svg e-fas-minus\" viewbox=\"0 0 448 512\" xmlns=\"http:\/\/www.w3.org\/2000\/svg\"><path d=\"M416 208H32c-17.67 0-32 14.33-32 32v32c0 17.67 14.33 32 32 32h384c17.67 0 32-14.33 32-32v-32c0-17.67-14.33-32-32-32z\"><\/path><\/svg><\/span>\n\t\t\t<span class='e-closed'><svg aria-hidden=\"true\" class=\"e-font-icon-svg e-fas-plus\" viewbox=\"0 0 448 512\" xmlns=\"http:\/\/www.w3.org\/2000\/svg\"><path d=\"M416 208H272V64c0-17.67-14.33-32-32-32h-32c-17.67 0-32 14.33-32 32v144H32c-17.67 0-32 14.33-32 32v32c0 17.67 14.33 32 32 32h144v144c0 17.67 14.33 32 32 32h32c17.67 0 32-14.33 32-32V304h144c17.67 0 32-14.33 32-32v-32c0-17.67-14.33-32-32-32z\"><\/path><\/svg><\/span>\n\t\t<\/span>\n\n\t\t\t\t\t\t<\/summary>\n\t\t\t\t<div role=\"region\" aria-labelledby=\"e-n-accordion-item-1064\" class=\"elementor-element elementor-element-0b77cf1 e-flex e-con-boxed e-con e-child\" data-id=\"0b77cf1\" data-element_type=\"container\" data-e-type=\"container\">\n\t\t\t\t\t<div class=\"e-con-inner\">\n\t\t<div role=\"region\" aria-labelledby=\"e-n-accordion-item-1064\" class=\"elementor-element elementor-element-65ef413 e-flex e-con-boxed e-con e-child\" data-id=\"65ef413\" data-element_type=\"container\" data-e-type=\"container\">\n\t\t\t\t\t<div class=\"e-con-inner\">\n\t\t\t\t<div class=\"elementor-element elementor-element-745bfa5 elementor-widget elementor-widget-text-editor\" data-id=\"745bfa5\" data-element_type=\"widget\" data-e-type=\"widget\" data-widget_type=\"text-editor.default\">\n\t\t\t\t<div class=\"elementor-widget-container\">\n\t\t\t\t\t\t\t\t\t<p class=\"p1\">Eventuella klagom\u00e5l m\u00e5ste omedelbart framf\u00f6ras till personalen eller bes\u00e4ttningsmedlemmen. Alla anstr\u00e4ngningar kommer att g\u00f6ras f\u00f6r att hantera klagom\u00e5l omedelbart.<\/p><p class=\"p1\">Om detta inte \u00e4r m\u00f6jligt, om fr\u00e5gan inte l\u00f6ses p\u00e5 ett tillfredsst\u00e4llande s\u00e4tt eller om det r\u00f6r sig om ett krav p\u00e5 ers\u00e4ttning, ska klagom\u00e5let skickas skriftligen inom en m\u00e5nad efter h\u00e4ndelsen till: sunlines@sunlines.fi<span class=\"s1\">.<\/span><\/p><p class=\"p1\">Sun Ferry Oy har en m\u00e5nad (30 dagar) p\u00e5 sig att behandla klagom\u00e5l.<\/p>\t\t\t\t\t\t\t\t<\/div>\n\t\t\t\t<\/div>\n\t\t\t\t\t<\/div>\n\t\t\t\t<\/div>\n\t\t\t\t\t<\/div>\n\t\t\t\t<\/div>\n\t\t\t\t\t<\/details>\n\t\t\t\t\t\t<details id=\"e-n-accordion-item-1065\" class=\"e-n-accordion-item\" >\n\t\t\t\t<summary class=\"e-n-accordion-item-title\" data-accordion-index=\"6\" tabindex=\"-1\" aria-expanded=\"false\" aria-controls=\"e-n-accordion-item-1065\" >\n\t\t\t\t\t<span class='e-n-accordion-item-title-header'><div class=\"e-n-accordion-item-title-text\"> 6. Andra saker att t\u00e4nka p\u00e5 <\/div><\/span>\n\t\t\t\t\t\t\t<span class='e-n-accordion-item-title-icon'>\n\t\t\t<span class='e-opened' ><svg aria-hidden=\"true\" class=\"e-font-icon-svg e-fas-minus\" viewbox=\"0 0 448 512\" xmlns=\"http:\/\/www.w3.org\/2000\/svg\"><path d=\"M416 208H32c-17.67 0-32 14.33-32 32v32c0 17.67 14.33 32 32 32h384c17.67 0 32-14.33 32-32v-32c0-17.67-14.33-32-32-32z\"><\/path><\/svg><\/span>\n\t\t\t<span class='e-closed'><svg aria-hidden=\"true\" class=\"e-font-icon-svg e-fas-plus\" viewbox=\"0 0 448 512\" xmlns=\"http:\/\/www.w3.org\/2000\/svg\"><path d=\"M416 208H272V64c0-17.67-14.33-32-32-32h-32c-17.67 0-32 14.33-32 32v144H32c-17.67 0-32 14.33-32 32v32c0 17.67 14.33 32 32 32h144v144c0 17.67 14.33 32 32 32h32c17.67 0 32-14.33 32-32V304h144c17.67 0 32-14.33 32-32v-32c0-17.67-14.33-32-32-32z\"><\/path><\/svg><\/span>\n\t\t<\/span>\n\n\t\t\t\t\t\t<\/summary>\n\t\t\t\t<div role=\"region\" aria-labelledby=\"e-n-accordion-item-1065\" class=\"elementor-element elementor-element-30ef548 e-flex e-con-boxed e-con e-child\" data-id=\"30ef548\" data-element_type=\"container\" data-e-type=\"container\">\n\t\t\t\t\t<div class=\"e-con-inner\">\n\t\t<div role=\"region\" aria-labelledby=\"e-n-accordion-item-1065\" class=\"elementor-element elementor-element-30ab184 e-flex e-con-boxed e-con e-child\" data-id=\"30ab184\" data-element_type=\"container\" data-e-type=\"container\">\n\t\t\t\t\t<div class=\"e-con-inner\">\n\t\t\t\t<div class=\"elementor-element elementor-element-71fbb8f elementor-widget elementor-widget-text-editor\" data-id=\"71fbb8f\" data-element_type=\"widget\" data-e-type=\"widget\" data-widget_type=\"text-editor.default\">\n\t\t\t\t<div class=\"elementor-widget-container\">\n\t\t\t\t\t\t\t\t\t<p class=\"p1\">Sun Ferry Oy \u00e4r inte skyldig att ers\u00e4tta kunden f\u00f6r eventuella ol\u00e4genheter eller utgifter p\u00e5 grund av naturliga f\u00f6rh\u00e5llanden, s\u00e5som ov\u00e4ntade v\u00e4derf\u00f6r\u00e4ndringar. Sun Ferry Oy har r\u00e4tt att avboka bokningen om det f\u00f6religger force majeure. I detta fall har kunden r\u00e4tt att f\u00e5 tillbaka pengarna i sin helhet. Sun Ferry Oy kan ocks\u00e5 avboka bokningen om betalningarna relaterade till bokningen inte betalas i tid.<\/p>\t\t\t\t\t\t\t\t<\/div>\n\t\t\t\t<\/div>\n\t\t\t\t\t<\/div>\n\t\t\t\t<\/div>\n\t\t\t\t\t<\/div>\n\t\t\t\t<\/div>\n\t\t\t\t\t<\/details>\n\t\t\t\t\t<\/div>\n\t\t\t\t\t\t<\/div>\n\t\t\t\t<\/div>\n\t\t\t\t<\/div>\n\t\t\t\t<\/div>\n\t\t\t\t<\/div>","protected":false},"excerpt":{"rendered":"<p>Varaus- ja kuljetusehdot Sun Ferry Oy ei ole velvollinen korvaamaan luonnonolosuhteista, kuten odottamattomista s\u00e4\u00e4nvaihteluista, asiakkaalle mahdollisesti aiheutuvaa haittaa tai kuluja. Sun Ferry Oy:ll\u00e4 on oikeus perua varaus, mik\u00e4li kyseess\u00e4 on ylivoimainen este (Force majeure). T\u00e4ll\u00f6in asiakkaalla on oikeus saada rahat kokonaisuudessaan takaisin. Sun Ferry Oy voi my\u00f6s perua varauksen, jos varausta koskevia suorituksia ei makseta [&hellip;]<\/p>\n","protected":false},"author":1,"featured_media":27,"parent":0,"menu_order":0,"comment_status":"closed","ping_status":"closed","template":"","meta":{"_improvement_type_select":"improve_an_existing","_thumb_yes_seoaic":false,"_frame_yes_seoaic":false,"seoaic_generate_description":"","seoaic_improve_instructions_prompt":"","seoaic_rollback_content_improvement":"","seoaic_idea_thumbnail_generator":"","thumbnail_generated":false,"thumbnail_generate_prompt":"","seoaic_article_description":"","footnotes":""},"class_list":["post-569","page","type-page","status-publish","has-post-thumbnail","hentry"],"_links":{"self":[{"href":"https:\/\/sunlines.fi\/sv\/wp-json\/wp\/v2\/pages\/569","targetHints":{"allow":["GET"]}}],"collection":[{"href":"https:\/\/sunlines.fi\/sv\/wp-json\/wp\/v2\/pages"}],"about":[{"href":"https:\/\/sunlines.fi\/sv\/wp-json\/wp\/v2\/types\/page"}],"author":[{"embeddable":true,"href":"https:\/\/sunlines.fi\/sv\/wp-json\/wp\/v2\/users\/1"}],"replies":[{"embeddable":true,"href":"https:\/\/sunlines.fi\/sv\/wp-json\/wp\/v2\/comments?post=569"}],"version-history":[{"count":0,"href":"https:\/\/sunlines.fi\/sv\/wp-json\/wp\/v2\/pages\/569\/revisions"}],"wp:featuredmedia":[{"embeddable":true,"href":"https:\/\/sunlines.fi\/sv\/wp-json\/wp\/v2\/media\/27"}],"wp:attachment":[{"href":"https:\/\/sunlines.fi\/sv\/wp-json\/wp\/v2\/media?parent=569"}],"curies":[{"name":"wp","href":"https:\/\/api.w.org\/{rel}","templated":true}]}}