{"id":198,"date":"2023-10-31T22:02:50","date_gmt":"2023-10-31T20:02:50","guid":{"rendered":"https:\/\/sunlines.fi\/?page_id=198"},"modified":"2026-02-24T10:59:01","modified_gmt":"2026-02-24T08:59:01","slug":"festkryssningar","status":"publish","type":"page","link":"https:\/\/sunlines.fi\/sv\/bileristeilyt\/","title":{"rendered":"Festkryssningar"},"content":{"rendered":"<div data-elementor-type=\"wp-page\" data-elementor-id=\"198\" class=\"elementor elementor-198\" data-elementor-post-type=\"page\">\n\t\t\t\t<div class=\"elementor-element elementor-element-0c2bc33 e-con-full e-flex e-con e-parent\" data-id=\"0c2bc33\" data-element_type=\"container\" data-e-type=\"container\" data-settings=\"{&quot;background_background&quot;:&quot;classic&quot;}\">\n\t\t<div class=\"elementor-element elementor-element-89d17de e-con-full e-flex e-con e-child\" data-id=\"89d17de\" data-element_type=\"container\" data-e-type=\"container\">\n\t\t\t\t<div class=\"elementor-element elementor-element-4d4a982 elementor-widget elementor-widget-heading\" data-id=\"4d4a982\" data-element_type=\"widget\" data-e-type=\"widget\" data-widget_type=\"heading.default\">\n\t\t\t\t<div class=\"elementor-widget-container\">\n\t\t\t\t\t<h1 class=\"elementor-heading-title elementor-size-default\">SunLines festkryssningar<\/h1>\t\t\t\t<\/div>\n\t\t\t\t<\/div>\n\t\t\t\t<\/div>\n\t\t\t\t<\/div>\n\t\t<div class=\"elementor-element elementor-element-14b8abb e-flex e-con-boxed e-con e-parent\" data-id=\"14b8abb\" data-element_type=\"container\" data-e-type=\"container\">\n\t\t\t\t\t<div class=\"e-con-inner\">\n\t\t<div class=\"elementor-element elementor-element-88bfa22 e-con-full e-flex e-con e-child\" data-id=\"88bfa22\" data-element_type=\"container\" data-e-type=\"container\" data-settings=\"{&quot;background_background&quot;:&quot;classic&quot;}\">\n\t\t\t\t<div class=\"elementor-element elementor-element-0ca40ee elementor-widget elementor-widget-image\" data-id=\"0ca40ee\" data-element_type=\"widget\" data-e-type=\"widget\" data-widget_type=\"image.default\">\n\t\t\t\t<div class=\"elementor-widget-container\">\n\t\t\t\t\t\t\t\t\t\t\t\t\t\t\t<img fetchpriority=\"high\" decoding=\"async\" width=\"1920\" height=\"1080\" src=\"https:\/\/sunlines.fi\/wp-content\/uploads\/Vappu-16-9.webp\" class=\"attachment-full size-full wp-image-19\" alt=\"30 april festkryssning\" srcset=\"https:\/\/sunlines.fi\/wp-content\/uploads\/Vappu-16-9.webp 1920w, https:\/\/sunlines.fi\/wp-content\/uploads\/Vappu-16-9-768x432.webp 768w, https:\/\/sunlines.fi\/wp-content\/uploads\/Vappu-16-9-1536x864.webp 1536w\" sizes=\"(max-width: 1920px) 100vw, 1920px\" \/>\t\t\t\t\t\t\t\t\t\t\t\t\t\t\t<\/div>\n\t\t\t\t<\/div>\n\t\t\t\t<div class=\"elementor-element elementor-element-caecd45 elementor-widget elementor-widget-heading\" data-id=\"caecd45\" data-element_type=\"widget\" data-e-type=\"widget\" data-widget_type=\"heading.default\">\n\t\t\t\t<div class=\"elementor-widget-container\">\n\t\t\t\t\t<h3 class=\"elementor-heading-title elementor-size-default\">Majafton kl. 19-23 &amp;<br>F\u00f6rsta maj 18-22, K-22<\/h3>\t\t\t\t<\/div>\n\t\t\t\t<\/div>\n\t\t<div class=\"elementor-element elementor-element-c5ed168 e-flex e-con-boxed e-con e-child\" data-id=\"c5ed168\" data-element_type=\"container\" data-e-type=\"container\">\n\t\t\t\t\t<div class=\"e-con-inner\">\n\t\t\t\t<div class=\"elementor-element elementor-element-9bc5d8a elementor-widget elementor-widget-heading\" data-id=\"9bc5d8a\" data-element_type=\"widget\" data-e-type=\"widget\" data-widget_type=\"heading.default\">\n\t\t\t\t<div class=\"elementor-widget-container\">\n\t\t\t\t\t<h2 class=\"elementor-heading-title elementor-size-default\">30 april festkryssning<\/h2>\t\t\t\t<\/div>\n\t\t\t\t<\/div>\n\t\t\t\t<div class=\"elementor-element elementor-element-db8a430 elementor-widget elementor-widget-heading\" data-id=\"db8a430\" data-element_type=\"widget\" data-e-type=\"widget\" data-widget_type=\"heading.default\">\n\t\t\t\t<div class=\"elementor-widget-container\">\n\t\t\t\t\t<h3 class=\"elementor-heading-title elementor-size-default\">Partyl\u00e5tar genom tiderna<\/h3>\t\t\t\t<\/div>\n\t\t\t\t<\/div>\n\t\t\t\t<div class=\"elementor-element elementor-element-60175a4 elementor-widget elementor-widget-text-editor\" data-id=\"60175a4\" data-element_type=\"widget\" data-e-type=\"widget\" data-widget_type=\"text-editor.default\">\n\t\t\t\t<div class=\"elementor-widget-container\">\n\t\t\t\t\t\t\t\t\t<div class=\"activity__bar__content\"><div class=\"block prose activity__summary\"><p>\u00d6nskad specialavg\u00e5ng p\u00e5 30 april! SunLines sommarkryssningar startar p\u00e5 30 april. S\u00e5 ta dina v\u00e4nner och njut av den glada sommark\u00e4nslan. Skaffa dina biljetter tidigt!<\/p><\/div><\/div>\t\t\t\t\t\t\t\t<\/div>\n\t\t\t\t<\/div>\n\t\t<div class=\"elementor-element elementor-element-ca796ef e-flex e-con-boxed e-con e-child\" data-id=\"ca796ef\" data-element_type=\"container\" data-e-type=\"container\">\n\t\t\t\t\t<div class=\"e-con-inner\">\n\t\t\t\t<div class=\"elementor-element elementor-element-254d428 elementor-align-center elementor-widget elementor-widget-button\" data-id=\"254d428\" data-element_type=\"widget\" data-e-type=\"widget\" data-widget_type=\"button.default\">\n\t\t\t\t<div class=\"elementor-widget-container\">\n\t\t\t\t\t\t\t\t\t<div class=\"elementor-button-wrapper\">\n\t\t\t\t\t<a class=\"elementor-button elementor-button-link elementor-size-sm\" href=\"https:\/\/fareharbor.com\/embeds\/book\/sunlines\/items\/407292\/?ref=sunlines.fi&#038;full-items=yes&#038;flow=815173\" id=\"varaa-nyt\">\n\t\t\t\t\t\t<span class=\"elementor-button-content-wrapper\">\n\t\t\t\t\t\t\t\t\t<span class=\"elementor-button-text\">BOKA NU<\/span>\n\t\t\t\t\t<\/span>\n\t\t\t\t\t<\/a>\n\t\t\t\t<\/div>\n\t\t\t\t\t\t\t\t<\/div>\n\t\t\t\t<\/div>\n\t\t\t\t<div class=\"elementor-element elementor-element-b19e6eb elementor-align-center elementor-widget elementor-widget-button\" data-id=\"b19e6eb\" data-element_type=\"widget\" data-e-type=\"widget\" data-widget_type=\"button.default\">\n\t\t\t\t<div class=\"elementor-widget-container\">\n\t\t\t\t\t\t\t\t\t<div class=\"elementor-button-wrapper\">\n\t\t\t\t\t<a class=\"elementor-button elementor-button-link elementor-size-sm\" href=\"\/sv\/forsta-maj-afton-festkryssning\/\">\n\t\t\t\t\t\t<span class=\"elementor-button-content-wrapper\">\n\t\t\t\t\t\t\t\t\t<span class=\"elementor-button-text\">L\u00c4S MER<\/span>\n\t\t\t\t\t<\/span>\n\t\t\t\t\t<\/a>\n\t\t\t\t<\/div>\n\t\t\t\t\t\t\t\t<\/div>\n\t\t\t\t<\/div>\n\t\t\t\t\t<\/div>\n\t\t\t\t<\/div>\n\t\t\t\t\t<\/div>\n\t\t\t\t<\/div>\n\t\t\t\t<\/div>\n\t\t<div class=\"elementor-element elementor-element-cb1e379 e-con-full e-flex e-con e-child\" data-id=\"cb1e379\" data-element_type=\"container\" data-e-type=\"container\" data-settings=\"{&quot;background_background&quot;:&quot;classic&quot;}\">\n\t\t\t\t<div class=\"elementor-element elementor-element-7334ba2 elementor-widget elementor-widget-image\" data-id=\"7334ba2\" data-element_type=\"widget\" data-e-type=\"widget\" data-widget_type=\"image.default\">\n\t\t\t\t<div class=\"elementor-widget-container\">\n\t\t\t\t\t\t\t\t\t\t\t\t\t\t\t<img decoding=\"async\" width=\"1461\" height=\"823\" src=\"https:\/\/sunlines.fi\/wp-content\/uploads\/Bileristeily-scaled-e1698907422783.webp\" class=\"attachment-full size-full wp-image-26\" alt=\"Festkryssning\" srcset=\"https:\/\/sunlines.fi\/wp-content\/uploads\/Bileristeily-scaled-e1698907422783.webp 1461w, https:\/\/sunlines.fi\/wp-content\/uploads\/Bileristeily-scaled-e1698907422783-768x433.webp 768w\" sizes=\"(max-width: 1461px) 100vw, 1461px\" \/>\t\t\t\t\t\t\t\t\t\t\t\t\t\t\t<\/div>\n\t\t\t\t<\/div>\n\t\t\t\t<div class=\"elementor-element elementor-element-149cbf5 elementor-widget elementor-widget-heading\" data-id=\"149cbf5\" data-element_type=\"widget\" data-e-type=\"widget\" data-widget_type=\"heading.default\">\n\t\t\t\t<div class=\"elementor-widget-container\">\n\t\t\t\t\t<h3 class=\"elementor-heading-title elementor-size-default\">Ons, fre &amp; l\u00f6r (i juli \u00e4ven tors)<br>18-22, K-22<\/h3>\t\t\t\t<\/div>\n\t\t\t\t<\/div>\n\t\t<div class=\"elementor-element elementor-element-2d9cba9 e-flex e-con-boxed e-con e-child\" data-id=\"2d9cba9\" data-element_type=\"container\" data-e-type=\"container\">\n\t\t\t\t\t<div class=\"e-con-inner\">\n\t\t\t\t<div class=\"elementor-element elementor-element-9000fd5 elementor-widget elementor-widget-heading\" data-id=\"9000fd5\" data-element_type=\"widget\" data-e-type=\"widget\" data-widget_type=\"heading.default\">\n\t\t\t\t<div class=\"elementor-widget-container\">\n\t\t\t\t\t<h2 class=\"elementor-heading-title elementor-size-default\">Festkryssningar<\/h2>\t\t\t\t<\/div>\n\t\t\t\t<\/div>\n\t\t\t\t<div class=\"elementor-element elementor-element-610b65b elementor-widget elementor-widget-heading\" data-id=\"610b65b\" data-element_type=\"widget\" data-e-type=\"widget\" data-widget_type=\"heading.default\">\n\t\t\t\t<div class=\"elementor-widget-container\">\n\t\t\t\t\t<h3 class=\"elementor-heading-title elementor-size-default\">Partyl\u00e5tar genom tiderna<\/h3>\t\t\t\t<\/div>\n\t\t\t\t<\/div>\n\t\t\t\t<div class=\"elementor-element elementor-element-02ff09e elementor-widget elementor-widget-text-editor\" data-id=\"02ff09e\" data-element_type=\"widget\" data-e-type=\"widget\" data-widget_type=\"text-editor.default\">\n\t\t\t\t<div class=\"elementor-widget-container\">\n\t\t\t\t\t\t\t\t\t<div class=\"activity__bar__content\"><div class=\"block prose activity__summary\"><p>SunLines popul\u00e4ra festkryssningar tar dig till den vackra Helsingfors sk\u00e4rg\u00e5rd. DJ:n spelar de hetaste partyl\u00e5tarna fr\u00e5n olika decennier och h\u00e5ller st\u00e4mningen h\u00f6g under hela fyra timmar.<\/p><\/div><\/div>\t\t\t\t\t\t\t\t<\/div>\n\t\t\t\t<\/div>\n\t\t<div class=\"elementor-element elementor-element-2779c08 e-flex e-con-boxed e-con e-child\" data-id=\"2779c08\" data-element_type=\"container\" data-e-type=\"container\">\n\t\t\t\t\t<div class=\"e-con-inner\">\n\t\t\t\t<div class=\"elementor-element elementor-element-29023e1 elementor-align-center elementor-widget elementor-widget-button\" data-id=\"29023e1\" data-element_type=\"widget\" data-e-type=\"widget\" data-widget_type=\"button.default\">\n\t\t\t\t<div class=\"elementor-widget-container\">\n\t\t\t\t\t\t\t\t\t<div class=\"elementor-button-wrapper\">\n\t\t\t\t\t<a class=\"elementor-button elementor-button-link elementor-size-sm\" href=\"https:\/\/fareharbor.com\/embeds\/book\/sunlines\/items\/407292\/?ref=sunlines.fi&#038;full-items=yes&#038;flow=815173\" id=\"varaa-nyt\">\n\t\t\t\t\t\t<span class=\"elementor-button-content-wrapper\">\n\t\t\t\t\t\t\t\t\t<span class=\"elementor-button-text\">BOKA NU<\/span>\n\t\t\t\t\t<\/span>\n\t\t\t\t\t<\/a>\n\t\t\t\t<\/div>\n\t\t\t\t\t\t\t\t<\/div>\n\t\t\t\t<\/div>\n\t\t\t\t<div class=\"elementor-element elementor-element-81eb6f1 elementor-align-center elementor-widget elementor-widget-button\" data-id=\"81eb6f1\" data-element_type=\"widget\" data-e-type=\"widget\" data-widget_type=\"button.default\">\n\t\t\t\t<div class=\"elementor-widget-container\">\n\t\t\t\t\t\t\t\t\t<div class=\"elementor-button-wrapper\">\n\t\t\t\t\t<a class=\"elementor-button elementor-button-link elementor-size-sm\" href=\"\/sv\/emmas-festkryssning\/\">\n\t\t\t\t\t\t<span class=\"elementor-button-content-wrapper\">\n\t\t\t\t\t\t\t\t\t<span class=\"elementor-button-text\">L\u00c4S MER<\/span>\n\t\t\t\t\t<\/span>\n\t\t\t\t\t<\/a>\n\t\t\t\t<\/div>\n\t\t\t\t\t\t\t\t<\/div>\n\t\t\t\t<\/div>\n\t\t\t\t\t<\/div>\n\t\t\t\t<\/div>\n\t\t\t\t\t<\/div>\n\t\t\t\t<\/div>\n\t\t\t\t<\/div>\n\t\t<div class=\"elementor-element elementor-element-513909f e-con-full e-flex e-con e-child\" data-id=\"513909f\" data-element_type=\"container\" data-e-type=\"container\" data-settings=\"{&quot;background_background&quot;:&quot;classic&quot;}\">\n\t\t\t\t<div class=\"elementor-element elementor-element-4b30226 elementor-widget elementor-widget-image\" data-id=\"4b30226\" data-element_type=\"widget\" data-e-type=\"widget\" data-widget_type=\"image.default\">\n\t\t\t\t<div class=\"elementor-widget-container\">\n\t\t\t\t\t\t\t\t\t\t\t\t\t\t\t<img decoding=\"async\" width=\"1920\" height=\"1080\" src=\"https:\/\/sunlines.fi\/wp-content\/uploads\/Juhannus-16-9.webp\" class=\"attachment-full size-full wp-image-17\" alt=\"Midsommarfestkryssning\" srcset=\"https:\/\/sunlines.fi\/wp-content\/uploads\/Juhannus-16-9.webp 1920w, https:\/\/sunlines.fi\/wp-content\/uploads\/Juhannus-16-9-768x432.webp 768w, https:\/\/sunlines.fi\/wp-content\/uploads\/Juhannus-16-9-1536x864.webp 1536w\" sizes=\"(max-width: 1920px) 100vw, 1920px\" \/>\t\t\t\t\t\t\t\t\t\t\t\t\t\t\t<\/div>\n\t\t\t\t<\/div>\n\t\t\t\t<div class=\"elementor-element elementor-element-c97c4d1 elementor-widget elementor-widget-heading\" data-id=\"c97c4d1\" data-element_type=\"widget\" data-e-type=\"widget\" data-widget_type=\"heading.default\">\n\t\t\t\t<div class=\"elementor-widget-container\">\n\t\t\t\t\t<h3 class=\"elementor-heading-title elementor-size-default\">Midsommarafton<br>18-22, K-22<\/h3>\t\t\t\t<\/div>\n\t\t\t\t<\/div>\n\t\t<div class=\"elementor-element elementor-element-4dafcf9 e-flex e-con-boxed e-con e-child\" data-id=\"4dafcf9\" data-element_type=\"container\" data-e-type=\"container\">\n\t\t\t\t\t<div class=\"e-con-inner\">\n\t\t\t\t<div class=\"elementor-element elementor-element-851dd20 elementor-widget elementor-widget-heading\" data-id=\"851dd20\" data-element_type=\"widget\" data-e-type=\"widget\" data-widget_type=\"heading.default\">\n\t\t\t\t<div class=\"elementor-widget-container\">\n\t\t\t\t\t<h2 class=\"elementor-heading-title elementor-size-default\">Midsommarfestkryssning<\/h2>\t\t\t\t<\/div>\n\t\t\t\t<\/div>\n\t\t\t\t<div class=\"elementor-element elementor-element-ba786ee elementor-widget elementor-widget-heading\" data-id=\"ba786ee\" data-element_type=\"widget\" data-e-type=\"widget\" data-widget_type=\"heading.default\">\n\t\t\t\t<div class=\"elementor-widget-container\">\n\t\t\t\t\t<h3 class=\"elementor-heading-title elementor-size-default\">Partyl\u00e5tar genom tiderna<\/h3>\t\t\t\t<\/div>\n\t\t\t\t<\/div>\n\t\t\t\t<div class=\"elementor-element elementor-element-ddd935c elementor-widget elementor-widget-text-editor\" data-id=\"ddd935c\" data-element_type=\"widget\" data-e-type=\"widget\" data-widget_type=\"text-editor.default\">\n\t\t\t\t<div class=\"elementor-widget-container\">\n\t\t\t\t\t\t\t\t\t<div class=\"activity__bar__content\"><div class=\"block prose activity__summary\"><p>Midsommaraftons popul\u00e4raste specialavg\u00e5ng! \u00c5k med en grupp f\u00f6r att tillbringa en maritim midsommar i vackra sk\u00e4rg\u00e5rdslandskap. Denna midsommarkryssning \u00e4r en of\u00f6rgl\u00f6mlig upplevelse!<\/p><\/div><\/div>\t\t\t\t\t\t\t\t<\/div>\n\t\t\t\t<\/div>\n\t\t<div class=\"elementor-element elementor-element-6471fe0 e-flex e-con-boxed e-con e-child\" data-id=\"6471fe0\" data-element_type=\"container\" data-e-type=\"container\">\n\t\t\t\t\t<div class=\"e-con-inner\">\n\t\t\t\t<div class=\"elementor-element elementor-element-10322b5 elementor-align-center elementor-widget elementor-widget-button\" data-id=\"10322b5\" data-element_type=\"widget\" data-e-type=\"widget\" data-widget_type=\"button.default\">\n\t\t\t\t<div class=\"elementor-widget-container\">\n\t\t\t\t\t\t\t\t\t<div class=\"elementor-button-wrapper\">\n\t\t\t\t\t<a class=\"elementor-button elementor-button-link elementor-size-sm\" href=\"https:\/\/fareharbor.com\/embeds\/book\/sunlines\/items\/407292\/availability\/1884083877\/book\/?full-items=yes&#038;flow=815173\" id=\"varaa-nyt\" target=\"_blank\" rel=\"noopener\">\n\t\t\t\t\t\t<span class=\"elementor-button-content-wrapper\">\n\t\t\t\t\t\t\t\t\t<span class=\"elementor-button-text\">BOKA NU<\/span>\n\t\t\t\t\t<\/span>\n\t\t\t\t\t<\/a>\n\t\t\t\t<\/div>\n\t\t\t\t\t\t\t\t<\/div>\n\t\t\t\t<\/div>\n\t\t\t\t<div class=\"elementor-element elementor-element-1a319cd elementor-align-center elementor-widget elementor-widget-button\" data-id=\"1a319cd\" data-element_type=\"widget\" data-e-type=\"widget\" data-widget_type=\"button.default\">\n\t\t\t\t<div class=\"elementor-widget-container\">\n\t\t\t\t\t\t\t\t\t<div class=\"elementor-button-wrapper\">\n\t\t\t\t\t<a class=\"elementor-button elementor-button-link elementor-size-sm\" href=\"\/sv\/midsommarfestkryssning\/\">\n\t\t\t\t\t\t<span class=\"elementor-button-content-wrapper\">\n\t\t\t\t\t\t\t\t\t<span class=\"elementor-button-text\">L\u00c4S MER<\/span>\n\t\t\t\t\t<\/span>\n\t\t\t\t\t<\/a>\n\t\t\t\t<\/div>\n\t\t\t\t\t\t\t\t<\/div>\n\t\t\t\t<\/div>\n\t\t\t\t\t<\/div>\n\t\t\t\t<\/div>\n\t\t\t\t\t<\/div>\n\t\t\t\t<\/div>\n\t\t\t\t<\/div>\n\t\t\t\t\t<\/div>\n\t\t\t\t<\/div>\n\t\t<div class=\"elementor-element elementor-element-75e31c5 e-flex e-con-boxed e-con e-parent\" data-id=\"75e31c5\" data-element_type=\"container\" data-e-type=\"container\" data-settings=\"{&quot;background_background&quot;:&quot;classic&quot;}\">\n\t\t\t\t\t<div class=\"e-con-inner\">\n\t\t<div class=\"elementor-element elementor-element-60c973e e-con-full e-flex e-con e-child\" data-id=\"60c973e\" data-element_type=\"container\" data-e-type=\"container\" data-settings=\"{&quot;background_background&quot;:&quot;classic&quot;}\">\n\t\t\t\t<div class=\"elementor-element elementor-element-d865ad4 elementor-widget elementor-widget-heading\" data-id=\"d865ad4\" data-element_type=\"widget\" data-e-type=\"widget\" data-widget_type=\"heading.default\">\n\t\t\t\t<div class=\"elementor-widget-container\">\n\t\t\t\t\t<h2 class=\"elementor-heading-title elementor-size-default\">SunLines mest popul\u00e4ra festkryssningar<\/h2>\t\t\t\t<\/div>\n\t\t\t\t<\/div>\n\t\t\t\t<div class=\"elementor-element elementor-element-06c6d37 elementor-widget elementor-widget-text-editor\" data-id=\"06c6d37\" data-element_type=\"widget\" data-e-type=\"widget\" data-widget_type=\"text-editor.default\">\n\t\t\t\t<div class=\"elementor-widget-container\">\n\t\t\t\t\t\t\t\t\t<div class=\"block rich-text prose\"><p>V\u00e5ra kryssningar \u00e4r perfekta f\u00f6r dig som gillar att njuta av livet och som vill tillbringa riktigt annorlunda och skrattfyllda sommarkv\u00e4llar med b\u00e5de gamla och nya bekantskaper. V\u00e5ra partykryssningar \u00e4r ocks\u00e5 popul\u00e4ra bland svensexor och f\u00f6delsedagsfester och f\u00f6retagsgrupper.<\/p><p>Vi serverar \u00e4ven en uts\u00f6kt buff\u00e9meny mot en extra avgift.<\/p><p>Ett bes\u00f6k p\u00e5 v\u00e5ra barer, d\u00e4r du kan hitta alkoholfria och alkoholhaltiga (milda och starka) drycker, hj\u00e4lper dig att sl\u00e4cka din t\u00f6rst. Allt du beh\u00f6ver g\u00f6ra \u00e4r att ta en kall drink och festa p\u00e5 sold\u00e4cket!<\/p><\/div>\t\t\t\t\t\t\t\t<\/div>\n\t\t\t\t<\/div>\n\t\t\t\t<\/div>\n\t\t\t\t\t<\/div>\n\t\t\t\t<\/div>\n\t\t\t\t<\/div>","protected":false},"excerpt":{"rendered":"<p>SunLines Bileristeilyt Vappuaattona klo 19-23 &amp;Vappup\u00e4iv\u00e4n\u00e4 klo 18-22, K-22 Vappubileristeily Kaikkien aikojen bilebiisit Vappuaaton haluttu erikoisl\u00e4ht\u00f6! SunLinesin kes\u00e4iset bileristeilyt starttaavat vapusta. Ota siis yst\u00e4v\u00e4si mukaan ja l\u00e4hde nauttimaan iloisesta kes\u00e4fiiliksest\u00e4. Nappaa lippusi ajoissa! VARAA NYT LIS\u00c4TIETOJA Ke, pe &amp; La (hein\u00e4kuussa my\u00f6s to)klo 18-22, K-22 Bileristeilyt Kaikkien aikojen bilebiisit SunLinesin suositut bileristeilyt viev\u00e4t sinut kauniiseen [&hellip;]<\/p>\n","protected":false},"author":1,"featured_media":27,"parent":0,"menu_order":0,"comment_status":"closed","ping_status":"closed","template":"","meta":{"_improvement_type_select":"improve_an_existing","_thumb_yes_seoaic":false,"_frame_yes_seoaic":false,"seoaic_generate_description":"","seoaic_improve_instructions_prompt":"","seoaic_rollback_content_improvement":"","seoaic_idea_thumbnail_generator":"","thumbnail_generated":false,"thumbnail_generate_prompt":"","seoaic_article_description":"","footnotes":""},"class_list":["post-198","page","type-page","status-publish","has-post-thumbnail","hentry"],"_links":{"self":[{"href":"https:\/\/sunlines.fi\/sv\/wp-json\/wp\/v2\/pages\/198","targetHints":{"allow":["GET"]}}],"collection":[{"href":"https:\/\/sunlines.fi\/sv\/wp-json\/wp\/v2\/pages"}],"about":[{"href":"https:\/\/sunlines.fi\/sv\/wp-json\/wp\/v2\/types\/page"}],"author":[{"embeddable":true,"href":"https:\/\/sunlines.fi\/sv\/wp-json\/wp\/v2\/users\/1"}],"replies":[{"embeddable":true,"href":"https:\/\/sunlines.fi\/sv\/wp-json\/wp\/v2\/comments?post=198"}],"version-history":[{"count":0,"href":"https:\/\/sunlines.fi\/sv\/wp-json\/wp\/v2\/pages\/198\/revisions"}],"wp:featuredmedia":[{"embeddable":true,"href":"https:\/\/sunlines.fi\/sv\/wp-json\/wp\/v2\/media\/27"}],"wp:attachment":[{"href":"https:\/\/sunlines.fi\/sv\/wp-json\/wp\/v2\/media?parent=198"}],"curies":[{"name":"wp","href":"https:\/\/api.w.org\/{rel}","templated":true}]}}