{"id":569,"date":"2023-11-02T16:04:34","date_gmt":"2023-11-02T14:04:34","guid":{"rendered":"https:\/\/sunlines.fi\/?page_id=569"},"modified":"2025-06-18T12:37:29","modified_gmt":"2025-06-18T09:37:29","slug":"booking-and-conditions-of-carriage","status":"publish","type":"page","link":"https:\/\/sunlines.fi\/en\/varaus-ja-kuljetusehdot\/","title":{"rendered":"Booking and transport conditions"},"content":{"rendered":"<div data-elementor-type=\"wp-page\" data-elementor-id=\"569\" class=\"elementor elementor-569\" data-elementor-post-type=\"page\">\n\t\t\t\t<div class=\"elementor-element elementor-element-0c2bc33 e-con-full e-flex e-con e-parent\" data-id=\"0c2bc33\" data-element_type=\"container\" data-e-type=\"container\" data-settings=\"{&quot;background_background&quot;:&quot;classic&quot;}\">\n\t\t<div class=\"elementor-element elementor-element-89d17de e-con-full e-flex e-con e-child\" data-id=\"89d17de\" data-element_type=\"container\" data-e-type=\"container\">\n\t\t\t\t<div class=\"elementor-element elementor-element-4d4a982 elementor-widget elementor-widget-heading\" data-id=\"4d4a982\" data-element_type=\"widget\" data-e-type=\"widget\" data-widget_type=\"heading.default\">\n\t\t\t\t<div class=\"elementor-widget-container\">\n\t\t\t\t\t<h1 class=\"elementor-heading-title elementor-size-default\">Booking and transport conditions<\/h1>\t\t\t\t<\/div>\n\t\t\t\t<\/div>\n\t\t\t\t<\/div>\n\t\t\t\t<\/div>\n\t\t<div class=\"elementor-element elementor-element-75e31c5 e-con-full e-flex e-con e-parent\" data-id=\"75e31c5\" data-element_type=\"container\" data-e-type=\"container\" data-settings=\"{&quot;background_background&quot;:&quot;classic&quot;}\">\n\t\t<div class=\"elementor-element elementor-element-60c973e e-con-full e-flex e-con e-child\" data-id=\"60c973e\" data-element_type=\"container\" data-e-type=\"container\" data-settings=\"{&quot;background_background&quot;:&quot;classic&quot;}\">\n\t\t\t\t<div class=\"elementor-element elementor-element-3b039a1 elementor-widget-mobile__width-initial elementor-widget elementor-widget-text-editor\" data-id=\"3b039a1\" data-element_type=\"widget\" data-e-type=\"widget\" data-widget_type=\"text-editor.default\">\n\t\t\t\t<div class=\"elementor-widget-container\">\n\t\t\t\t\t\t\t\t\t<p class=\"p1\">Sun Ferry Oy is not liable to compensate the customer for any damage or expenses caused by natural conditions, such as unexpected weather variations. Sun Ferry Ltd reserves the right to cancel the booking in case of force majeure. In this case, the customer is entitled to a full refund. Sun Ferry Ltd may also cancel the booking if the payments for the booking are not paid on time.<\/p>\t\t\t\t\t\t\t\t<\/div>\n\t\t\t\t<\/div>\n\t\t\t\t<div class=\"elementor-element elementor-element-d865ad4 elementor-widget elementor-widget-heading\" data-id=\"d865ad4\" data-element_type=\"widget\" data-e-type=\"widget\" data-widget_type=\"heading.default\">\n\t\t\t\t<div class=\"elementor-widget-container\">\n\t\t\t\t\t<h4 class=\"elementor-heading-title elementor-size-default\">Booking and transport conditions for charter cruises<\/h4>\t\t\t\t<\/div>\n\t\t\t\t<\/div>\n\t\t\t\t<div class=\"elementor-element elementor-element-6599354 elementor-widget elementor-widget-n-accordion\" data-id=\"6599354\" data-element_type=\"widget\" data-e-type=\"widget\" data-settings=\"{&quot;default_state&quot;:&quot;expanded&quot;,&quot;max_items_expended&quot;:&quot;one&quot;,&quot;n_accordion_animation_duration&quot;:{&quot;unit&quot;:&quot;ms&quot;,&quot;size&quot;:400,&quot;sizes&quot;:[]}}\" data-widget_type=\"nested-accordion.default\">\n\t\t\t\t<div class=\"elementor-widget-container\">\n\t\t\t\t\t\t\t<div class=\"e-n-accordion\" aria-label=\"Accordion. Open links with Enter or Space, close with Escape, and navigate with Arrow Keys\">\n\t\t\t\t\t\t<details id=\"e-n-accordion-item-1060\" class=\"e-n-accordion-item\" open>\n\t\t\t\t<summary class=\"e-n-accordion-item-title\" data-accordion-index=\"1\" tabindex=\"0\" aria-expanded=\"true\" aria-controls=\"e-n-accordion-item-1060\" >\n\t\t\t\t\t<span class='e-n-accordion-item-title-header'><div class=\"e-n-accordion-item-title-text\"> 1. Sun Ferry Oy booking and cancellation conditions <\/div><\/span>\n\t\t\t\t\t\t\t<span class='e-n-accordion-item-title-icon'>\n\t\t\t<span class='e-opened' ><svg aria-hidden=\"true\" class=\"e-font-icon-svg e-fas-minus\" viewbox=\"0 0 448 512\" xmlns=\"http:\/\/www.w3.org\/2000\/svg\"><path d=\"M416 208H32c-17.67 0-32 14.33-32 32v32c0 17.67 14.33 32 32 32h384c17.67 0 32-14.33 32-32v-32c0-17.67-14.33-32-32-32z\"><\/path><\/svg><\/span>\n\t\t\t<span class='e-closed'><svg aria-hidden=\"true\" class=\"e-font-icon-svg e-fas-plus\" viewbox=\"0 0 448 512\" xmlns=\"http:\/\/www.w3.org\/2000\/svg\"><path d=\"M416 208H272V64c0-17.67-14.33-32-32-32h-32c-17.67 0-32 14.33-32 32v144H32c-17.67 0-32 14.33-32 32v32c0 17.67 14.33 32 32 32h144v144c0 17.67 14.33 32 32 32h32c17.67 0 32-14.33 32-32V304h144c17.67 0 32-14.33 32-32v-32c0-17.67-14.33-32-32-32z\"><\/path><\/svg><\/span>\n\t\t<\/span>\n\n\t\t\t\t\t\t<\/summary>\n\t\t\t\t<div role=\"region\" aria-labelledby=\"e-n-accordion-item-1060\" class=\"elementor-element elementor-element-949c270 e-con-full e-flex e-con e-child\" data-id=\"949c270\" data-element_type=\"container\" data-e-type=\"container\">\n\t\t<div role=\"region\" aria-labelledby=\"e-n-accordion-item-1060\" class=\"elementor-element elementor-element-ca16519 e-flex e-con-boxed e-con e-child\" data-id=\"ca16519\" data-element_type=\"container\" data-e-type=\"container\">\n\t\t\t\t\t<div class=\"e-con-inner\">\n\t\t\t\t<div class=\"elementor-element elementor-element-08c87ea elementor-widget elementor-widget-text-editor\" data-id=\"08c87ea\" data-element_type=\"widget\" data-e-type=\"widget\" data-widget_type=\"text-editor.default\">\n\t\t\t\t<div class=\"elementor-widget-container\">\n\t\t\t\t\t\t\t\t\t<p class=\"p1\">Sun Ferry Oy will comply with the following conditions when booking vessels and cancelling reservations. These conditions become binding on both parties when the customer confirms the booking in writing by the due date. The customer must cancel a booking that he\/she does not intend to use.<\/p>\t\t\t\t\t\t\t\t<\/div>\n\t\t\t\t<\/div>\n\t\t\t\t\t<\/div>\n\t\t\t\t<\/div>\n\t\t\t\t<\/div>\n\t\t\t\t\t<\/details>\n\t\t\t\t\t\t<details id=\"e-n-accordion-item-1061\" class=\"e-n-accordion-item\" >\n\t\t\t\t<summary class=\"e-n-accordion-item-title\" data-accordion-index=\"2\" tabindex=\"-1\" aria-expanded=\"false\" aria-controls=\"e-n-accordion-item-1061\" >\n\t\t\t\t\t<span class='e-n-accordion-item-title-header'><div class=\"e-n-accordion-item-title-text\"> 2. Reservation and payment <\/div><\/span>\n\t\t\t\t\t\t\t<span class='e-n-accordion-item-title-icon'>\n\t\t\t<span class='e-opened' ><svg aria-hidden=\"true\" class=\"e-font-icon-svg e-fas-minus\" viewbox=\"0 0 448 512\" xmlns=\"http:\/\/www.w3.org\/2000\/svg\"><path d=\"M416 208H32c-17.67 0-32 14.33-32 32v32c0 17.67 14.33 32 32 32h384c17.67 0 32-14.33 32-32v-32c0-17.67-14.33-32-32-32z\"><\/path><\/svg><\/span>\n\t\t\t<span class='e-closed'><svg aria-hidden=\"true\" class=\"e-font-icon-svg e-fas-plus\" viewbox=\"0 0 448 512\" xmlns=\"http:\/\/www.w3.org\/2000\/svg\"><path d=\"M416 208H272V64c0-17.67-14.33-32-32-32h-32c-17.67 0-32 14.33-32 32v144H32c-17.67 0-32 14.33-32 32v32c0 17.67 14.33 32 32 32h144v144c0 17.67 14.33 32 32 32h32c17.67 0 32-14.33 32-32V304h144c17.67 0 32-14.33 32-32v-32c0-17.67-14.33-32-32-32z\"><\/path><\/svg><\/span>\n\t\t<\/span>\n\n\t\t\t\t\t\t<\/summary>\n\t\t\t\t<div role=\"region\" aria-labelledby=\"e-n-accordion-item-1061\" class=\"elementor-element elementor-element-8b83ccf e-con-full e-flex e-con e-child\" data-id=\"8b83ccf\" data-element_type=\"container\" data-e-type=\"container\">\n\t\t<div role=\"region\" aria-labelledby=\"e-n-accordion-item-1061\" class=\"elementor-element elementor-element-5e14703 e-flex e-con-boxed e-con e-child\" data-id=\"5e14703\" data-element_type=\"container\" data-e-type=\"container\">\n\t\t\t\t\t<div class=\"e-con-inner\">\n\t\t\t\t<div class=\"elementor-element elementor-element-9e3609c elementor-widget elementor-widget-text-editor\" data-id=\"9e3609c\" data-element_type=\"widget\" data-e-type=\"widget\" data-widget_type=\"text-editor.default\">\n\t\t\t\t<div class=\"elementor-widget-container\">\n\t\t\t\t\t\t\t\t\t<p class=\"p1\"><strong>1. Basic rent<\/strong><\/p><p class=\"p1\"><strong>Corporate and public sector customers<\/strong><span class=\"s2\"> we will invoice you after the event. <\/span>You can also pay in advance by invoice or card at the bar on board.<\/p><p class=\"p2\"><strong><span class=\"s3\">From individual and association customers<\/span><\/strong> we charge the price of the rental fee as a booking fee. The charter fee must be paid 14 days before the cruise. By special arrangement, we also accept cash and card payment on board or invoicing afterwards. We reserve the right to check your credit details when paying in arrears. The vessel will not depart until the payment of the charter fee has been received or the invoice has been accepted. Sun Ferry Ltd reserves the right to cancel the contract if the agreed booking fee is not paid by the due date. The booking fee will be taken into account in the final invoice.<\/p><p class=\"p1\"><strong>2. Food and drink offerings<\/strong><\/p><p class=\"p2\">On-board catering is always ordered and specified in advance, at least 14 days before departure. The number of persons indicated by the customer 7 days before the cruise is the basis for invoicing the catering. Beverages are charged according to actual consumption, wines according to opened bottles.<\/p><p class=\"p2\"><strong><span class=\"s3\">Corporate and public sector customers<\/span><\/strong> catering will be charged after the event or by card to the ship's bar. <strong><span class=\"s3\">Private and association customers<\/span><\/strong> food and beverage services can be invoiced in advance once the number of persons and the number of portions to be invoiced is known. We reserve the right to check credit information when invoicing afterwards. Service can also be paid for at the ship's bar.<\/p><p class=\"p1\"><strong>3. Payment instruments, payment terms and pricing<\/strong><\/p><p class=\"p2\">In addition to cash, the most common debit and credit cards accepted on board are Visa, Eurocard, Mastercard, Visa Electron and Amex.<\/p><p class=\"p2\">Payment by invoice according to the terms of the agreement. General payment term 14days\/net. If there is less than 14 days before the start of the cruise, the payment term may be shorter.<\/p><p class=\"p2\">Invoice surcharge 7 euros. Interest on late payment according to the Interest Act.<\/p><p class=\"p2\">***<\/p><p class=\"p2\">The right to change prices is reserved.<\/p>\t\t\t\t\t\t\t\t<\/div>\n\t\t\t\t<\/div>\n\t\t\t\t\t<\/div>\n\t\t\t\t<\/div>\n\t\t\t\t<\/div>\n\t\t\t\t\t<\/details>\n\t\t\t\t\t\t<details id=\"e-n-accordion-item-1062\" class=\"e-n-accordion-item\" >\n\t\t\t\t<summary class=\"e-n-accordion-item-title\" data-accordion-index=\"3\" tabindex=\"-1\" aria-expanded=\"false\" aria-controls=\"e-n-accordion-item-1062\" >\n\t\t\t\t\t<span class='e-n-accordion-item-title-header'><div class=\"e-n-accordion-item-title-text\"> 3. Cancellations <\/div><\/span>\n\t\t\t\t\t\t\t<span class='e-n-accordion-item-title-icon'>\n\t\t\t<span class='e-opened' ><svg aria-hidden=\"true\" class=\"e-font-icon-svg e-fas-minus\" viewbox=\"0 0 448 512\" xmlns=\"http:\/\/www.w3.org\/2000\/svg\"><path d=\"M416 208H32c-17.67 0-32 14.33-32 32v32c0 17.67 14.33 32 32 32h384c17.67 0 32-14.33 32-32v-32c0-17.67-14.33-32-32-32z\"><\/path><\/svg><\/span>\n\t\t\t<span class='e-closed'><svg aria-hidden=\"true\" class=\"e-font-icon-svg e-fas-plus\" viewbox=\"0 0 448 512\" xmlns=\"http:\/\/www.w3.org\/2000\/svg\"><path d=\"M416 208H272V64c0-17.67-14.33-32-32-32h-32c-17.67 0-32 14.33-32 32v144H32c-17.67 0-32 14.33-32 32v32c0 17.67 14.33 32 32 32h144v144c0 17.67 14.33 32 32 32h32c17.67 0 32-14.33 32-32V304h144c17.67 0 32-14.33 32-32v-32c0-17.67-14.33-32-32-32z\"><\/path><\/svg><\/span>\n\t\t<\/span>\n\n\t\t\t\t\t\t<\/summary>\n\t\t\t\t<div role=\"region\" aria-labelledby=\"e-n-accordion-item-1062\" class=\"elementor-element elementor-element-8ea34f2 e-con-full e-flex e-con e-child\" data-id=\"8ea34f2\" data-element_type=\"container\" data-e-type=\"container\">\n\t\t<div role=\"region\" aria-labelledby=\"e-n-accordion-item-1062\" class=\"elementor-element elementor-element-89a8503 e-flex e-con-boxed e-con e-child\" data-id=\"89a8503\" data-element_type=\"container\" data-e-type=\"container\">\n\t\t\t\t\t<div class=\"e-con-inner\">\n\t\t\t\t<div class=\"elementor-element elementor-element-71ac4a6 elementor-widget elementor-widget-text-editor\" data-id=\"71ac4a6\" data-element_type=\"widget\" data-e-type=\"widget\" data-widget_type=\"text-editor.default\">\n\t\t\t\t<div class=\"elementor-widget-container\">\n\t\t\t\t\t\t\t\t\t<p class=\"p1\">The cancellation date is the date on which Sun Ferry Oy is notified of the cancellation. If the customer proves that the cancellation was sent in time to arrive at the intended time, the cancellation will be accepted even if it is late or does not arrive at all.<\/p><p class=\"p1\">If the customer cancels <span class=\"s2\">the confirmed booking of the vessel<\/span>, the price of the charter fee will be charged as follows:<\/p><p class=\"p1\">\u00a0 - Cancellation 0-60 days before cruise, charge 100 %<\/p><p class=\"p1\">If the customer cancels <span class=\"s2\">subscribed catering services<\/span>, they will be charged according to the quantity and price indicated in the order confirmation as follows:<\/p><p class=\"p1\">\u00a0 - Cancellation 0-7 days before cruise, charge 100 %<\/p><p class=\"p1\">\u00a0 - Cancellation 8-14 days before cruise, charge 50 %<\/p>\t\t\t\t\t\t\t\t<\/div>\n\t\t\t\t<\/div>\n\t\t\t\t\t<\/div>\n\t\t\t\t<\/div>\n\t\t\t\t<\/div>\n\t\t\t\t\t<\/details>\n\t\t\t\t\t\t<details id=\"e-n-accordion-item-1063\" class=\"e-n-accordion-item\" >\n\t\t\t\t<summary class=\"e-n-accordion-item-title\" data-accordion-index=\"4\" tabindex=\"-1\" aria-expanded=\"false\" aria-controls=\"e-n-accordion-item-1063\" >\n\t\t\t\t\t<span class='e-n-accordion-item-title-header'><div class=\"e-n-accordion-item-title-text\"> 4. Conditions of carriage <\/div><\/span>\n\t\t\t\t\t\t\t<span class='e-n-accordion-item-title-icon'>\n\t\t\t<span class='e-opened' ><svg aria-hidden=\"true\" class=\"e-font-icon-svg e-fas-minus\" viewbox=\"0 0 448 512\" xmlns=\"http:\/\/www.w3.org\/2000\/svg\"><path d=\"M416 208H32c-17.67 0-32 14.33-32 32v32c0 17.67 14.33 32 32 32h384c17.67 0 32-14.33 32-32v-32c0-17.67-14.33-32-32-32z\"><\/path><\/svg><\/span>\n\t\t\t<span class='e-closed'><svg aria-hidden=\"true\" class=\"e-font-icon-svg e-fas-plus\" viewbox=\"0 0 448 512\" xmlns=\"http:\/\/www.w3.org\/2000\/svg\"><path d=\"M416 208H272V64c0-17.67-14.33-32-32-32h-32c-17.67 0-32 14.33-32 32v144H32c-17.67 0-32 14.33-32 32v32c0 17.67 14.33 32 32 32h144v144c0 17.67 14.33 32 32 32h32c17.67 0 32-14.33 32-32V304h144c17.67 0 32-14.33 32-32v-32c0-17.67-14.33-32-32-32z\"><\/path><\/svg><\/span>\n\t\t<\/span>\n\n\t\t\t\t\t\t<\/summary>\n\t\t\t\t<div role=\"region\" aria-labelledby=\"e-n-accordion-item-1063\" class=\"elementor-element elementor-element-159bc98 e-flex e-con-boxed e-con e-child\" data-id=\"159bc98\" data-element_type=\"container\" data-e-type=\"container\">\n\t\t\t\t\t<div class=\"e-con-inner\">\n\t\t<div role=\"region\" aria-labelledby=\"e-n-accordion-item-1063\" class=\"elementor-element elementor-element-71d4414 e-flex e-con-boxed e-con e-child\" data-id=\"71d4414\" data-element_type=\"container\" data-e-type=\"container\">\n\t\t\t\t\t<div class=\"e-con-inner\">\n\t\t\t\t<div class=\"elementor-element elementor-element-f66b104 elementor-widget elementor-widget-text-editor\" data-id=\"f66b104\" data-element_type=\"widget\" data-e-type=\"widget\" data-widget_type=\"text-editor.default\">\n\t\t\t\t<div class=\"elementor-widget-container\">\n\t\t\t\t\t\t\t\t\t<p class=\"p1\">The conditions of carriage apply to the carriage of passengers and cargo. Sun Ferry Oy's liability is limited under the Finnish Maritime Law.<\/p><ol class=\"ol1\"><li class=\"li2\">The freight forwarder is Sun Ferry Oy. The contract of carriage is between the carrier and the passenger.<\/li><li class=\"li2\">The passenger is obliged to comply with the ship's rules of order and safety during the transport.<\/li><li class=\"li2\">The carrier is liable for personal injury to a passenger caused by an incident occurring during the journey, if the injury is due to the fault or negligence of the carrier or someone acting under his responsibility. The same applies to loss of luggage and damage caused by the delay of the passenger.<\/li><li class=\"li2\">The passenger must prove that the damage caused to him or his luggage is due to the fault or negligence of the carrier or persons acting under his responsibility.<\/li><li class=\"li2\">The liability of the carrier is limited to one passenger per voyage and to all damages occurring during the same voyage, according to Chapter 15.15\u00a7 of the Finnish Maritime Act:<br \/>SDR 175 000 for personal injuries<br \/>4 150 SDRs for a delay in the transport of a passenger<br \/>1 800 SDRs in the event of loss, damage or delay of baggage<br \/>10 000 SDRs per vehicle<br \/>2 700 SDRs in the case of loss, damage or loss of other baggage.<br \/>The carrier may also invoke the overall limits of liability under Chapter 9 \u00a7 5 of the Maritime Act. Passenger deductibles:<br \/>20 SDR for baggage and delay damage<br \/>150 SDR for motor vehicle accidents<br \/>The Special Drawing Right (SDR) is the unit defined by the Interbank Currency Fund and the exchange rate on 4 October 2013 was 1 SDR = \u20ac1.1321.<\/li><li class=\"li2\">The freight forwarder is not responsible:<br \/>personal injury or damage to hand luggage and delay before the passenger has embarked or the hand luggage has been brought on board, or after the passenger has disembarked or the hand luggage has been removed from the ship.<br \/>money, securities, works of art or valuables.<\/li><li class=\"li2\">The ship's officers and crew and others for whom the carrier is responsible are also entitled to the above limitations of liability and indemnity.<\/li><li class=\"li2\">Actions in matters governed by these conditions must be brought in the maritime court of the court of appeal for the district in which the carrier is domiciled or in which he principally carries on business.<\/li><li class=\"li2\">In all other respects, the provisions of the Finnish Maritime Act apply.<\/li><\/ol>\t\t\t\t\t\t\t\t<\/div>\n\t\t\t\t<\/div>\n\t\t\t\t\t<\/div>\n\t\t\t\t<\/div>\n\t\t\t\t\t<\/div>\n\t\t\t\t<\/div>\n\t\t\t\t\t<\/details>\n\t\t\t\t\t\t<details id=\"e-n-accordion-item-1064\" class=\"e-n-accordion-item\" >\n\t\t\t\t<summary class=\"e-n-accordion-item-title\" data-accordion-index=\"5\" tabindex=\"-1\" aria-expanded=\"false\" aria-controls=\"e-n-accordion-item-1064\" >\n\t\t\t\t\t<span class='e-n-accordion-item-title-header'><div class=\"e-n-accordion-item-title-text\"> 5. Complaints <\/div><\/span>\n\t\t\t\t\t\t\t<span class='e-n-accordion-item-title-icon'>\n\t\t\t<span class='e-opened' ><svg aria-hidden=\"true\" class=\"e-font-icon-svg e-fas-minus\" viewbox=\"0 0 448 512\" xmlns=\"http:\/\/www.w3.org\/2000\/svg\"><path d=\"M416 208H32c-17.67 0-32 14.33-32 32v32c0 17.67 14.33 32 32 32h384c17.67 0 32-14.33 32-32v-32c0-17.67-14.33-32-32-32z\"><\/path><\/svg><\/span>\n\t\t\t<span class='e-closed'><svg aria-hidden=\"true\" class=\"e-font-icon-svg e-fas-plus\" viewbox=\"0 0 448 512\" xmlns=\"http:\/\/www.w3.org\/2000\/svg\"><path d=\"M416 208H272V64c0-17.67-14.33-32-32-32h-32c-17.67 0-32 14.33-32 32v144H32c-17.67 0-32 14.33-32 32v32c0 17.67 14.33 32 32 32h144v144c0 17.67 14.33 32 32 32h32c17.67 0 32-14.33 32-32V304h144c17.67 0 32-14.33 32-32v-32c0-17.67-14.33-32-32-32z\"><\/path><\/svg><\/span>\n\t\t<\/span>\n\n\t\t\t\t\t\t<\/summary>\n\t\t\t\t<div role=\"region\" aria-labelledby=\"e-n-accordion-item-1064\" class=\"elementor-element elementor-element-0b77cf1 e-flex e-con-boxed e-con e-child\" data-id=\"0b77cf1\" data-element_type=\"container\" data-e-type=\"container\">\n\t\t\t\t\t<div class=\"e-con-inner\">\n\t\t<div role=\"region\" aria-labelledby=\"e-n-accordion-item-1064\" class=\"elementor-element elementor-element-65ef413 e-flex e-con-boxed e-con e-child\" data-id=\"65ef413\" data-element_type=\"container\" data-e-type=\"container\">\n\t\t\t\t\t<div class=\"e-con-inner\">\n\t\t\t\t<div class=\"elementor-element elementor-element-745bfa5 elementor-widget elementor-widget-text-editor\" data-id=\"745bfa5\" data-element_type=\"widget\" data-e-type=\"widget\" data-widget_type=\"text-editor.default\">\n\t\t\t\t<div class=\"elementor-widget-container\">\n\t\t\t\t\t\t\t\t\t<p class=\"p1\">Any complaints must be made immediately to the staff or crew member. Every effort will be made to deal with complaints immediately.<\/p><p class=\"p1\">If this is not possible, if the matter is not resolved satisfactorily or if it involves a claim for compensation, the complaint must be sent in writing within one month of the event to: sunlines@sunlines.fi<span class=\"s1\">.<\/span><\/p><p class=\"p1\">Sun Ferry Oy allows one month (30 days) for the processing of complaints.<\/p>\t\t\t\t\t\t\t\t<\/div>\n\t\t\t\t<\/div>\n\t\t\t\t\t<\/div>\n\t\t\t\t<\/div>\n\t\t\t\t\t<\/div>\n\t\t\t\t<\/div>\n\t\t\t\t\t<\/details>\n\t\t\t\t\t\t<details id=\"e-n-accordion-item-1065\" class=\"e-n-accordion-item\" >\n\t\t\t\t<summary class=\"e-n-accordion-item-title\" data-accordion-index=\"6\" tabindex=\"-1\" aria-expanded=\"false\" aria-controls=\"e-n-accordion-item-1065\" >\n\t\t\t\t\t<span class='e-n-accordion-item-title-header'><div class=\"e-n-accordion-item-title-text\"> 6. Other points to note <\/div><\/span>\n\t\t\t\t\t\t\t<span class='e-n-accordion-item-title-icon'>\n\t\t\t<span class='e-opened' ><svg aria-hidden=\"true\" class=\"e-font-icon-svg e-fas-minus\" viewbox=\"0 0 448 512\" xmlns=\"http:\/\/www.w3.org\/2000\/svg\"><path d=\"M416 208H32c-17.67 0-32 14.33-32 32v32c0 17.67 14.33 32 32 32h384c17.67 0 32-14.33 32-32v-32c0-17.67-14.33-32-32-32z\"><\/path><\/svg><\/span>\n\t\t\t<span class='e-closed'><svg aria-hidden=\"true\" class=\"e-font-icon-svg e-fas-plus\" viewbox=\"0 0 448 512\" xmlns=\"http:\/\/www.w3.org\/2000\/svg\"><path d=\"M416 208H272V64c0-17.67-14.33-32-32-32h-32c-17.67 0-32 14.33-32 32v144H32c-17.67 0-32 14.33-32 32v32c0 17.67 14.33 32 32 32h144v144c0 17.67 14.33 32 32 32h32c17.67 0 32-14.33 32-32V304h144c17.67 0 32-14.33 32-32v-32c0-17.67-14.33-32-32-32z\"><\/path><\/svg><\/span>\n\t\t<\/span>\n\n\t\t\t\t\t\t<\/summary>\n\t\t\t\t<div role=\"region\" aria-labelledby=\"e-n-accordion-item-1065\" class=\"elementor-element elementor-element-30ef548 e-flex e-con-boxed e-con e-child\" data-id=\"30ef548\" data-element_type=\"container\" data-e-type=\"container\">\n\t\t\t\t\t<div class=\"e-con-inner\">\n\t\t<div role=\"region\" aria-labelledby=\"e-n-accordion-item-1065\" class=\"elementor-element elementor-element-30ab184 e-flex e-con-boxed e-con e-child\" data-id=\"30ab184\" data-element_type=\"container\" data-e-type=\"container\">\n\t\t\t\t\t<div class=\"e-con-inner\">\n\t\t\t\t<div class=\"elementor-element elementor-element-71fbb8f elementor-widget elementor-widget-text-editor\" data-id=\"71fbb8f\" data-element_type=\"widget\" data-e-type=\"widget\" data-widget_type=\"text-editor.default\">\n\t\t\t\t<div class=\"elementor-widget-container\">\n\t\t\t\t\t\t\t\t\t<p class=\"p1\">Sun Ferry Oy is not liable to compensate the customer for any damage or expenses caused by natural conditions, such as unexpected weather variations. Sun Ferry Ltd reserves the right to cancel the booking in case of force majeure. In this case, the customer is entitled to a full refund. Sun Ferry Ltd may also cancel the booking if the payments for the booking are not paid on time.<\/p>\t\t\t\t\t\t\t\t<\/div>\n\t\t\t\t<\/div>\n\t\t\t\t\t<\/div>\n\t\t\t\t<\/div>\n\t\t\t\t\t<\/div>\n\t\t\t\t<\/div>\n\t\t\t\t\t<\/details>\n\t\t\t\t\t<\/div>\n\t\t\t\t\t\t<\/div>\n\t\t\t\t<\/div>\n\t\t\t\t<\/div>\n\t\t\t\t<\/div>\n\t\t\t\t<\/div>","protected":false},"excerpt":{"rendered":"<p>Varaus- ja kuljetusehdot Sun Ferry Oy ei ole velvollinen korvaamaan luonnonolosuhteista, kuten odottamattomista s\u00e4\u00e4nvaihteluista, asiakkaalle mahdollisesti aiheutuvaa haittaa tai kuluja. Sun Ferry Oy:ll\u00e4 on oikeus perua varaus, mik\u00e4li kyseess\u00e4 on ylivoimainen este (Force majeure). T\u00e4ll\u00f6in asiakkaalla on oikeus saada rahat kokonaisuudessaan takaisin. Sun Ferry Oy voi my\u00f6s perua varauksen, jos varausta koskevia suorituksia ei makseta [&hellip;]<\/p>\n","protected":false},"author":1,"featured_media":27,"parent":0,"menu_order":0,"comment_status":"closed","ping_status":"closed","template":"","meta":{"_improvement_type_select":"improve_an_existing","_thumb_yes_seoaic":false,"_frame_yes_seoaic":false,"seoaic_generate_description":"","seoaic_improve_instructions_prompt":"","seoaic_rollback_content_improvement":"","seoaic_idea_thumbnail_generator":"","thumbnail_generated":false,"thumbnail_generate_prompt":"","seoaic_article_description":"","footnotes":""},"class_list":["post-569","page","type-page","status-publish","has-post-thumbnail","hentry"],"_links":{"self":[{"href":"https:\/\/sunlines.fi\/en\/wp-json\/wp\/v2\/pages\/569","targetHints":{"allow":["GET"]}}],"collection":[{"href":"https:\/\/sunlines.fi\/en\/wp-json\/wp\/v2\/pages"}],"about":[{"href":"https:\/\/sunlines.fi\/en\/wp-json\/wp\/v2\/types\/page"}],"author":[{"embeddable":true,"href":"https:\/\/sunlines.fi\/en\/wp-json\/wp\/v2\/users\/1"}],"replies":[{"embeddable":true,"href":"https:\/\/sunlines.fi\/en\/wp-json\/wp\/v2\/comments?post=569"}],"version-history":[{"count":0,"href":"https:\/\/sunlines.fi\/en\/wp-json\/wp\/v2\/pages\/569\/revisions"}],"wp:featuredmedia":[{"embeddable":true,"href":"https:\/\/sunlines.fi\/en\/wp-json\/wp\/v2\/media\/27"}],"wp:attachment":[{"href":"https:\/\/sunlines.fi\/en\/wp-json\/wp\/v2\/media?parent=569"}],"curies":[{"name":"wp","href":"https:\/\/api.w.org\/{rel}","templated":true}]}}